{"id":903,"date":"2009-02-22T15:06:33","date_gmt":"2009-02-22T14:06:33","guid":{"rendered":"http:\/\/www.cepathle.fr\/wp\/?page_id=903"},"modified":"2018-08-29T21:35:50","modified_gmt":"2018-08-29T19:35:50","slug":"bareme-garcon-minime","status":"publish","type":"page","link":"https:\/\/www.cepathle.fr\/wp\/infos-athle\/baremes\/bareme-garcon-minime\/","title":{"rendered":"bar\u00eame gar\u00e7on minime"},"content":{"rendered":"<p>&nbsp;<\/p>\n<p>Voici le bar&ecirc;me gar&ccedil;on minime :<\/p>\n<p>&nbsp;<\/p>\n<p>&nbsp;<\/p>\n<table width=\"560\" cellspacing=\"0\" cellpadding=\"0\" border=\"0\" style=\"border-collapse: collapse; width: 420pt;\">\n<col width=\"80\" span=\"7\" style=\"width: 60pt;\" \/>\n<tbody>\n<tr height=\"21\" style=\"height: 15.75pt;\">\n<td width=\"80\" height=\"21\" style=\"height: 15.75pt; width: 60pt;\" class=\"xl63\">EPREUVES<\/td>\n<td width=\"80\" style=\"width: 60pt;\" class=\"xl65\">N3<\/td>\n<td width=\"80\" style=\"width: 60pt;\" class=\"xl64\">R1<\/td>\n<td width=\"80\" style=\"width: 60pt;\" class=\"xl65\">R2<\/td>\n<td width=\"80\" style=\"width: 60pt;\" class=\"xl64\">R3<\/td>\n<td width=\"80\" style=\"width: 60pt;\" class=\"xl65\">D1<\/td>\n<td width=\"80\" style=\"width: 60pt;\" class=\"xl64\">D2<\/td>\n<\/tr>\n<tr height=\"20\" style=\"height: 15pt;\">\n<td height=\"20\" style=\"height: 15pt;\" class=\"xl66\">50m<\/td>\n<td class=\"xl66\">6&quot;34<\/td>\n<td class=\"xl66\">6&quot;54<\/td>\n<td class=\"xl66\">6&quot;74<\/td>\n<td class=\"xl66\">6&quot;94<\/td>\n<td class=\"xl66\">7&quot;14<\/td>\n<td class=\"xl66\">7&quot;34<\/td>\n<\/tr>\n<tr height=\"20\" style=\"height: 15pt;\">\n<td height=\"20\" style=\"height: 15pt;\" class=\"xl67\">100m<\/td>\n<td class=\"xl67\">11&quot;34<\/td>\n<td class=\"xl67\">11&quot;74<\/td>\n<td class=\"xl67\">12&quot;14<\/td>\n<td class=\"xl67\">12&quot;54<\/td>\n<td class=\"xl67\">12&quot;94<\/td>\n<td class=\"xl67\">13&quot;34<\/td>\n<\/tr>\n<tr height=\"20\" style=\"height: 15pt;\">\n<td height=\"20\" style=\"height: 15pt;\" class=\"xl66\">1000m<\/td>\n<td class=\"xl66\">2&rsquo;40&quot;0<\/td>\n<td class=\"xl66\">2&rsquo;46&quot;0<\/td>\n<td class=\"xl66\">2&rsquo;52&quot;0<\/td>\n<td class=\"xl66\">2&rsquo;58&quot;0<\/td>\n<td class=\"xl66\">3&rsquo;04&quot;0<\/td>\n<td class=\"xl66\">3&rsquo;10&quot;0<\/td>\n<\/tr>\n<tr height=\"20\" style=\"height: 15pt;\">\n<td height=\"20\" style=\"height: 15pt;\" class=\"xl67\">3000m<\/td>\n<td class=\"xl67\">9&rsquo;20&quot;0<\/td>\n<td class=\"xl67\">9&rsquo;41&quot;0<\/td>\n<td class=\"xl67\">10&rsquo;02&quot;0<\/td>\n<td class=\"xl67\">10&rsquo;23&quot;0<\/td>\n<td class=\"xl67\">10&rsquo;44&quot;0<\/td>\n<td class=\"xl67\">11&rsquo;05&quot;0<\/td>\n<\/tr>\n<tr height=\"20\" style=\"height: 15pt;\">\n<td height=\"20\" style=\"height: 15pt;\" class=\"xl68\">50mh 0.84m<\/td>\n<td class=\"xl68\">6&quot;94<\/td>\n<td class=\"xl68\">7&quot;34<\/td>\n<td class=\"xl68\">7&quot;74<\/td>\n<td class=\"xl68\">8&quot;14<\/td>\n<td class=\"xl68\">8&quot;54<\/td>\n<td class=\"xl68\">8&quot;94<\/td>\n<\/tr>\n<tr height=\"20\" style=\"height: 15pt;\">\n<td height=\"20\" style=\"height: 15pt;\" class=\"xl69\">80mh 0.84m<\/td>\n<td class=\"xl69\">11&quot;24<\/td>\n<td class=\"xl69\">11&quot;64<\/td>\n<td class=\"xl69\">12&quot;04<\/td>\n<td class=\"xl69\">12&quot;44<\/td>\n<td class=\"xl69\">12&quot;84<\/td>\n<td class=\"xl69\">13&quot;24<\/td>\n<\/tr>\n<tr height=\"20\" style=\"height: 15pt;\">\n<td height=\"20\" style=\"height: 15pt;\" class=\"xl68\">100mh 0.84m<\/td>\n<td class=\"xl68\">13&quot;84<\/td>\n<td class=\"xl68\">14&quot;54<\/td>\n<td class=\"xl68\">15&quot;24<\/td>\n<td class=\"xl68\">15&quot;94<\/td>\n<td class=\"xl68\">16&quot;64<\/td>\n<td class=\"xl68\">17&quot;34<\/td>\n<\/tr>\n<tr height=\"20\" style=\"height: 15pt;\">\n<td height=\"20\" style=\"height: 15pt;\" class=\"xl69\">110mh 0.91m<\/td>\n<td class=\"xl69\">15&quot;04<\/td>\n<td class=\"xl69\">15&quot;94<\/td>\n<td class=\"xl69\">16&quot;84<\/td>\n<td class=\"xl69\">17&quot;74<\/td>\n<td class=\"xl69\">18&quot;64<\/td>\n<td class=\"xl69\">19&quot;54<\/td>\n<\/tr>\n<tr height=\"20\" style=\"height: 15pt;\">\n<td height=\"20\" style=\"height: 15pt;\" class=\"xl68\">200mh 0.76m<\/td>\n<td class=\"xl68\">27&quot;44<\/td>\n<td class=\"xl68\">28&quot;44<\/td>\n<td class=\"xl68\">29&quot;44<\/td>\n<td class=\"xl68\">30&quot;44<\/td>\n<td class=\"xl68\">31&quot;44<\/td>\n<td class=\"xl68\">32&quot;44<\/td>\n<\/tr>\n<tr height=\"20\" style=\"height: 15pt;\">\n<td height=\"20\" style=\"height: 15pt;\" class=\"xl71\">HAUTEUR<\/td>\n<td class=\"xl71\">1m87<\/td>\n<td class=\"xl71\">1m79<\/td>\n<td class=\"xl71\">1m71<\/td>\n<td class=\"xl71\">1m63<\/td>\n<td class=\"xl71\">1m55<\/td>\n<td class=\"xl71\">1m47<\/td>\n<\/tr>\n<tr height=\"20\" style=\"height: 15pt;\">\n<td height=\"20\" style=\"height: 15pt;\" class=\"xl73\">PERCHE<\/td>\n<td class=\"xl73\">4m00<\/td>\n<td class=\"xl73\">3m70<\/td>\n<td class=\"xl73\">3m40<\/td>\n<td class=\"xl73\">3m10<\/td>\n<td class=\"xl73\">2m80<\/td>\n<td class=\"xl73\">2m50<\/td>\n<\/tr>\n<tr height=\"20\" style=\"height: 15pt;\">\n<td height=\"20\" style=\"height: 15pt;\" class=\"xl71\">LONGUEUR<\/td>\n<td class=\"xl71\">6m50<\/td>\n<td class=\"xl71\">6m20<\/td>\n<td class=\"xl71\">5m90<\/td>\n<td class=\"xl71\">5m60<\/td>\n<td class=\"xl71\">5m30<\/td>\n<td class=\"xl71\">5m00<\/td>\n<\/tr>\n<tr height=\"20\" style=\"height: 15pt;\">\n<td height=\"20\" style=\"height: 15pt;\" class=\"xl73\">TRIPLE<\/td>\n<td class=\"xl73\">13m30<\/td>\n<td class=\"xl73\">12m70<\/td>\n<td class=\"xl73\">12m10<\/td>\n<td class=\"xl73\">11m50<\/td>\n<td class=\"xl73\">10m90<\/td>\n<td class=\"xl73\">10m30<\/td>\n<\/tr>\n<tr height=\"20\" style=\"height: 15pt;\">\n<td height=\"20\" style=\"height: 15pt;\" class=\"xl74\">POIDS 4kg<\/td>\n<td class=\"xl74\">15m40<\/td>\n<td class=\"xl74\">14m20<\/td>\n<td class=\"xl74\">13m00<\/td>\n<td class=\"xl74\">11m80<\/td>\n<td class=\"xl74\">10m60<\/td>\n<td class=\"xl74\">9m40<\/td>\n<\/tr>\n<tr height=\"20\" style=\"height: 15pt;\">\n<td height=\"20\" style=\"height: 15pt;\" class=\"xl72\">DISQ 1kg250<\/td>\n<td class=\"xl72\">44m00<\/td>\n<td class=\"xl72\">40m60<\/td>\n<td class=\"xl72\">37m20<\/td>\n<td class=\"xl72\">33m80<\/td>\n<td class=\"xl72\">30m40<\/td>\n<td class=\"xl72\">27m00<\/td>\n<\/tr>\n<tr height=\"20\" style=\"height: 15pt;\">\n<td height=\"20\" style=\"height: 15pt;\" class=\"xl74\">MARTEAU 4kg<\/td>\n<td class=\"xl74\">55m00<\/td>\n<td class=\"xl74\">50m00<\/td>\n<td class=\"xl74\">45m00<\/td>\n<td class=\"xl74\">40m00<\/td>\n<td class=\"xl74\">35m00<\/td>\n<td class=\"xl74\">30m00<\/td>\n<\/tr>\n<tr height=\"20\" style=\"height: 15pt;\">\n<td height=\"20\" style=\"height: 15pt;\" class=\"xl72\">JAVELOT 600g<\/td>\n<td class=\"xl72\">53m40<\/td>\n<td class=\"xl72\">50m00<\/td>\n<td class=\"xl72\">46m60<\/td>\n<td class=\"xl72\">43m20<\/td>\n<td class=\"xl72\">39m80<\/td>\n<td class=\"xl72\">36m40<\/td>\n<\/tr>\n<tr height=\"20\" style=\"height: 15pt;\">\n<td height=\"20\" style=\"height: 15pt;\" class=\"xl70\">TRIATHLON<\/td>\n<td class=\"xl70\">100pts<\/td>\n<td class=\"xl70\">90pts<\/td>\n<td class=\"xl70\">80pts<\/td>\n<td class=\"xl70\">70pts<\/td>\n<td class=\"xl70\">60pts<\/td>\n<td class=\"xl70\">50pts<\/td>\n<\/tr>\n<tr height=\"20\" style=\"height: 15pt;\">\n<td height=\"20\" style=\"height: 15pt;\" class=\"xl75\">OCTATHLON<\/td>\n<td class=\"xl75\">4250pts<\/td>\n<td class=\"xl75\">3850pts<\/td>\n<td class=\"xl75\">3450pts<\/td>\n<td class=\"xl75\">3050pts<\/td>\n<td class=\"xl75\">2650pts<\/td>\n<td class=\"xl75\">2250pts<\/td>\n<\/tr>\n<tr height=\"20\" style=\"height: 15pt;\">\n<td height=\"20\" style=\"height: 15pt;\" class=\"xl66\">3000mMAR<\/td>\n<td class=\"xl66\">15&rsquo;45&quot;0<\/td>\n<td class=\"xl66\">16&rsquo;18&quot;0<\/td>\n<td class=\"xl66\">16&rsquo;51&quot;0<\/td>\n<td class=\"xl66\">17&rsquo;24&quot;0<\/td>\n<td class=\"xl66\">17&rsquo;57&quot;0<\/td>\n<td class=\"xl66\">18&rsquo;30&quot;0<\/td>\n<\/tr>\n<tr height=\"20\" style=\"height: 15pt;\">\n<td height=\"20\" style=\"height: 15pt;\" class=\"xl67\">5000mMAR<\/td>\n<td class=\"xl67\">27&rsquo;30&quot;<\/td>\n<td class=\"xl67\">28&rsquo;07&quot;<\/td>\n<td class=\"xl67\">29&rsquo;08&quot;<\/td>\n<td class=\"xl67\">30&rsquo;00&quot;<\/td>\n<td class=\"xl67\">31&rsquo;00&quot;<\/td>\n<td class=\"xl67\">32&rsquo;00&quot;<\/td>\n<\/tr>\n<\/tbody>\n<\/table>\n<p>&nbsp;<\/p>\n<p>&nbsp;<\/p>\n<p>Le fichier au format pdf&nbsp; : <a href=\"http:\/\/www.cepathle.fr\/wp\/wp-content\/uploads\/BAREME-MINIMES-GARCONS.pdf\" target=\"_blank\">BAREME-MINIMES-GARCONS.pdf<\/a><\/p>\n<p>&nbsp;<\/p>\n<p>Phil<\/p>\n","protected":false},"excerpt":{"rendered":"<p>&nbsp; Voici le bar&ecirc;me gar&ccedil;on minime : &nbsp; &nbsp; EPREUVES N3 R1 R2 R3 D1 D2 50m 6&quot;34 6&quot;54 6&quot;74 6&quot;94 7&quot;14 7&quot;34 100m 11&quot;34 11&quot;74 12&quot;14 12&quot;54 12&quot;94 13&quot;34 1000m 2&rsquo;40&quot;0 2&rsquo;46&quot;0 2&rsquo;52&quot;0 2&rsquo;58&quot;0 3&rsquo;04&quot;0 3&rsquo;10&quot;0 3000m 9&rsquo;20&quot;0 9&rsquo;41&quot;0 10&rsquo;02&quot;0 10&rsquo;23&quot;0 10&rsquo;44&quot;0 11&rsquo;05&quot;0 50mh 0.84m 6&quot;94 7&quot;34 7&quot;74 8&quot;14 8&quot;54 8&quot;94 80mh 0.84m 11&quot;24 11&quot;64 12&quot;04 12&quot;44 12&quot;84 13&quot;24 100mh 0.84m 13&quot;84 14&quot;54 15&quot;24 15&quot;94 16&quot;64 17&quot;34 110mh 0.91m 15&quot;04 15&quot;94 16&quot;84 17&quot;74 18&quot;64 19&quot;54 200mh 0.76m 27&quot;44 28&quot;44 29&quot;44 30&quot;44 31&quot;44 32&quot;44 HAUTEUR 1m87 1m79 1m71 1m63 1m55 1m47 PERCHE 4m00 3m70 3m40 3m10 2m80 2m50 LONGUEUR 6m50 6m20 5m90 5m60 5m30 5m00 TRIPLE 13m30 12m70 12m10 11m50 10m90 10m30 POIDS 4kg 15m40 14m20 13m00 11m80 10m60 9m40 DISQ 1kg250 44m00 40m60 37m20 33m80 30m40 27m00 MARTEAU 4kg 55m00 50m00 45m00 40m00 35m00 30m00 JAVELOT 600g 53m40 50m00 46m60 43m20 39m80 36m40 TRIATHLON 100pts 90pts 80pts 70pts 60pts 50pts OCTATHLON 4250pts 3850pts 3450pts 3050pts 2650pts 2250pts 3000mMAR 15&rsquo;45&quot;0 16&rsquo;18&quot;0 16&rsquo;51&quot;0 17&rsquo;24&quot;0 17&rsquo;57&quot;0 18&rsquo;30&quot;0 5000mMAR 27&rsquo;30&quot; 28&rsquo;07&quot; 29&rsquo;08&quot; 30&rsquo;00&quot; 31&rsquo;00&quot; 32&rsquo;00&quot; &nbsp; &nbsp; Le fichier au format pdf&nbsp; : BAREME-MINIMES-GARCONS.pdf &nbsp; Phil<\/p>\n","protected":false},"author":2,"featured_media":0,"parent":1623,"menu_order":7,"comment_status":"closed","ping_status":"open","template":"","meta":{"ngg_post_thumbnail":0,"footnotes":""},"class_list":["post-903","page","type-page","status-publish","hentry"],"yoast_head":"<!-- This site is optimized with the Yoast SEO plugin v27.3 - https:\/\/yoast.com\/product\/yoast-seo-wordpress\/ -->\n<title>bar\u00eame gar\u00e7on minime - CEP LORIENT Athl\u00e9tisme<\/title>\n<meta name=\"robots\" content=\"index, follow, max-snippet:-1, max-image-preview:large, max-video-preview:-1\" \/>\n<link rel=\"canonical\" href=\"https:\/\/www.cepathle.fr\/wp\/infos-athle\/baremes\/bareme-garcon-minime\/\" \/>\n<meta property=\"og:locale\" content=\"fr_FR\" \/>\n<meta property=\"og:type\" content=\"article\" \/>\n<meta property=\"og:title\" content=\"bar\u00eame gar\u00e7on minime - CEP LORIENT Athl\u00e9tisme\" \/>\n<meta property=\"og:description\" content=\"&nbsp; Voici le bar&ecirc;me gar&ccedil;on minime : &nbsp; &nbsp; EPREUVES N3 R1 R2 R3 D1 D2 50m 6&quot;34 6&quot;54 6&quot;74 6&quot;94 7&quot;14 7&quot;34 100m 11&quot;34 11&quot;74 12&quot;14 12&quot;54 12&quot;94 13&quot;34 1000m 2&rsquo;40&quot;0 2&rsquo;46&quot;0 2&rsquo;52&quot;0 2&rsquo;58&quot;0 3&rsquo;04&quot;0 3&rsquo;10&quot;0 3000m 9&rsquo;20&quot;0 9&rsquo;41&quot;0 10&rsquo;02&quot;0 10&rsquo;23&quot;0 10&rsquo;44&quot;0 11&rsquo;05&quot;0 50mh 0.84m 6&quot;94 7&quot;34 7&quot;74 8&quot;14 8&quot;54 8&quot;94 80mh 0.84m 11&quot;24 11&quot;64 12&quot;04 12&quot;44 12&quot;84 13&quot;24 100mh 0.84m 13&quot;84 14&quot;54 15&quot;24 15&quot;94 16&quot;64 17&quot;34 110mh 0.91m 15&quot;04 15&quot;94 16&quot;84 17&quot;74 18&quot;64 19&quot;54 200mh 0.76m 27&quot;44 28&quot;44 29&quot;44 30&quot;44 31&quot;44 32&quot;44 HAUTEUR 1m87 1m79 1m71 1m63 1m55 1m47 PERCHE 4m00 3m70 3m40 3m10 2m80 2m50 LONGUEUR 6m50 6m20 5m90 5m60 5m30 5m00 TRIPLE 13m30 12m70 12m10 11m50 10m90 10m30 POIDS 4kg 15m40 14m20 13m00 11m80 10m60 9m40 DISQ 1kg250 44m00 40m60 37m20 33m80 30m40 27m00 MARTEAU 4kg 55m00 50m00 45m00 40m00 35m00 30m00 JAVELOT 600g 53m40 50m00 46m60 43m20 39m80 36m40 TRIATHLON 100pts 90pts 80pts 70pts 60pts 50pts OCTATHLON 4250pts 3850pts 3450pts 3050pts 2650pts 2250pts 3000mMAR 15&rsquo;45&quot;0 16&rsquo;18&quot;0 16&rsquo;51&quot;0 17&rsquo;24&quot;0 17&rsquo;57&quot;0 18&rsquo;30&quot;0 5000mMAR 27&rsquo;30&quot; 28&rsquo;07&quot; 29&rsquo;08&quot; 30&rsquo;00&quot; 31&rsquo;00&quot; 32&rsquo;00&quot; &nbsp; &nbsp; Le fichier au format pdf&nbsp; : BAREME-MINIMES-GARCONS.pdf &nbsp; Phil\" \/>\n<meta property=\"og:url\" content=\"https:\/\/www.cepathle.fr\/wp\/infos-athle\/baremes\/bareme-garcon-minime\/\" \/>\n<meta property=\"og:site_name\" content=\"CEP LORIENT Athl\u00e9tisme\" \/>\n<meta property=\"article:modified_time\" content=\"2018-08-29T19:35:50+00:00\" \/>\n<meta name=\"twitter:card\" content=\"summary_large_image\" \/>\n<meta name=\"twitter:label1\" content=\"Dur\u00e9e de lecture estim\u00e9e\" \/>\n\t<meta name=\"twitter:data1\" content=\"1 minute\" \/>\n<script type=\"application\/ld+json\" class=\"yoast-schema-graph\">{\"@context\":\"https:\\\/\\\/schema.org\",\"@graph\":[{\"@type\":\"WebPage\",\"@id\":\"https:\\\/\\\/www.cepathle.fr\\\/wp\\\/infos-athle\\\/baremes\\\/bareme-garcon-minime\\\/\",\"url\":\"https:\\\/\\\/www.cepathle.fr\\\/wp\\\/infos-athle\\\/baremes\\\/bareme-garcon-minime\\\/\",\"name\":\"bar\u00eame gar\u00e7on minime - CEP LORIENT Athl\u00e9tisme\",\"isPartOf\":{\"@id\":\"https:\\\/\\\/www.cepathle.fr\\\/wp\\\/#website\"},\"datePublished\":\"2009-02-22T14:06:33+00:00\",\"dateModified\":\"2018-08-29T19:35:50+00:00\",\"breadcrumb\":{\"@id\":\"https:\\\/\\\/www.cepathle.fr\\\/wp\\\/infos-athle\\\/baremes\\\/bareme-garcon-minime\\\/#breadcrumb\"},\"inLanguage\":\"fr-FR\",\"potentialAction\":[{\"@type\":\"ReadAction\",\"target\":[\"https:\\\/\\\/www.cepathle.fr\\\/wp\\\/infos-athle\\\/baremes\\\/bareme-garcon-minime\\\/\"]}]},{\"@type\":\"BreadcrumbList\",\"@id\":\"https:\\\/\\\/www.cepathle.fr\\\/wp\\\/infos-athle\\\/baremes\\\/bareme-garcon-minime\\\/#breadcrumb\",\"itemListElement\":[{\"@type\":\"ListItem\",\"position\":1,\"name\":\"Home\",\"item\":\"https:\\\/\\\/www.cepathle.fr\\\/wp\\\/\"},{\"@type\":\"ListItem\",\"position\":2,\"name\":\"Infos Athl\u00e9\",\"item\":\"https:\\\/\\\/www.cepathle.fr\\\/wp\\\/infos-athle\\\/\"},{\"@type\":\"ListItem\",\"position\":3,\"name\":\"baremes\",\"item\":\"https:\\\/\\\/www.cepathle.fr\\\/wp\\\/infos-athle\\\/baremes\\\/\"},{\"@type\":\"ListItem\",\"position\":4,\"name\":\"bar\u00eame gar\u00e7on minime\"}]},{\"@type\":\"WebSite\",\"@id\":\"https:\\\/\\\/www.cepathle.fr\\\/wp\\\/#website\",\"url\":\"https:\\\/\\\/www.cepathle.fr\\\/wp\\\/\",\"name\":\"CEP LORIENT Athl\u00e9tisme\",\"description\":\"Club d&#039;athl\u00e9tisme du pays de LORIENT\",\"potentialAction\":[{\"@type\":\"SearchAction\",\"target\":{\"@type\":\"EntryPoint\",\"urlTemplate\":\"https:\\\/\\\/www.cepathle.fr\\\/wp\\\/?s={search_term_string}\"},\"query-input\":{\"@type\":\"PropertyValueSpecification\",\"valueRequired\":true,\"valueName\":\"search_term_string\"}}],\"inLanguage\":\"fr-FR\"}]}<\/script>\n<!-- \/ Yoast SEO plugin. -->","yoast_head_json":{"title":"bar\u00eame gar\u00e7on minime - CEP LORIENT Athl\u00e9tisme","robots":{"index":"index","follow":"follow","max-snippet":"max-snippet:-1","max-image-preview":"max-image-preview:large","max-video-preview":"max-video-preview:-1"},"canonical":"https:\/\/www.cepathle.fr\/wp\/infos-athle\/baremes\/bareme-garcon-minime\/","og_locale":"fr_FR","og_type":"article","og_title":"bar\u00eame gar\u00e7on minime - CEP LORIENT Athl\u00e9tisme","og_description":"&nbsp; Voici le bar&ecirc;me gar&ccedil;on minime : &nbsp; &nbsp; EPREUVES N3 R1 R2 R3 D1 D2 50m 6&quot;34 6&quot;54 6&quot;74 6&quot;94 7&quot;14 7&quot;34 100m 11&quot;34 11&quot;74 12&quot;14 12&quot;54 12&quot;94 13&quot;34 1000m 2&rsquo;40&quot;0 2&rsquo;46&quot;0 2&rsquo;52&quot;0 2&rsquo;58&quot;0 3&rsquo;04&quot;0 3&rsquo;10&quot;0 3000m 9&rsquo;20&quot;0 9&rsquo;41&quot;0 10&rsquo;02&quot;0 10&rsquo;23&quot;0 10&rsquo;44&quot;0 11&rsquo;05&quot;0 50mh 0.84m 6&quot;94 7&quot;34 7&quot;74 8&quot;14 8&quot;54 8&quot;94 80mh 0.84m 11&quot;24 11&quot;64 12&quot;04 12&quot;44 12&quot;84 13&quot;24 100mh 0.84m 13&quot;84 14&quot;54 15&quot;24 15&quot;94 16&quot;64 17&quot;34 110mh 0.91m 15&quot;04 15&quot;94 16&quot;84 17&quot;74 18&quot;64 19&quot;54 200mh 0.76m 27&quot;44 28&quot;44 29&quot;44 30&quot;44 31&quot;44 32&quot;44 HAUTEUR 1m87 1m79 1m71 1m63 1m55 1m47 PERCHE 4m00 3m70 3m40 3m10 2m80 2m50 LONGUEUR 6m50 6m20 5m90 5m60 5m30 5m00 TRIPLE 13m30 12m70 12m10 11m50 10m90 10m30 POIDS 4kg 15m40 14m20 13m00 11m80 10m60 9m40 DISQ 1kg250 44m00 40m60 37m20 33m80 30m40 27m00 MARTEAU 4kg 55m00 50m00 45m00 40m00 35m00 30m00 JAVELOT 600g 53m40 50m00 46m60 43m20 39m80 36m40 TRIATHLON 100pts 90pts 80pts 70pts 60pts 50pts OCTATHLON 4250pts 3850pts 3450pts 3050pts 2650pts 2250pts 3000mMAR 15&rsquo;45&quot;0 16&rsquo;18&quot;0 16&rsquo;51&quot;0 17&rsquo;24&quot;0 17&rsquo;57&quot;0 18&rsquo;30&quot;0 5000mMAR 27&rsquo;30&quot; 28&rsquo;07&quot; 29&rsquo;08&quot; 30&rsquo;00&quot; 31&rsquo;00&quot; 32&rsquo;00&quot; &nbsp; &nbsp; Le fichier au format pdf&nbsp; : BAREME-MINIMES-GARCONS.pdf &nbsp; Phil","og_url":"https:\/\/www.cepathle.fr\/wp\/infos-athle\/baremes\/bareme-garcon-minime\/","og_site_name":"CEP LORIENT Athl\u00e9tisme","article_modified_time":"2018-08-29T19:35:50+00:00","twitter_card":"summary_large_image","twitter_misc":{"Dur\u00e9e de lecture estim\u00e9e":"1 minute"},"schema":{"@context":"https:\/\/schema.org","@graph":[{"@type":"WebPage","@id":"https:\/\/www.cepathle.fr\/wp\/infos-athle\/baremes\/bareme-garcon-minime\/","url":"https:\/\/www.cepathle.fr\/wp\/infos-athle\/baremes\/bareme-garcon-minime\/","name":"bar\u00eame gar\u00e7on minime - CEP LORIENT Athl\u00e9tisme","isPartOf":{"@id":"https:\/\/www.cepathle.fr\/wp\/#website"},"datePublished":"2009-02-22T14:06:33+00:00","dateModified":"2018-08-29T19:35:50+00:00","breadcrumb":{"@id":"https:\/\/www.cepathle.fr\/wp\/infos-athle\/baremes\/bareme-garcon-minime\/#breadcrumb"},"inLanguage":"fr-FR","potentialAction":[{"@type":"ReadAction","target":["https:\/\/www.cepathle.fr\/wp\/infos-athle\/baremes\/bareme-garcon-minime\/"]}]},{"@type":"BreadcrumbList","@id":"https:\/\/www.cepathle.fr\/wp\/infos-athle\/baremes\/bareme-garcon-minime\/#breadcrumb","itemListElement":[{"@type":"ListItem","position":1,"name":"Home","item":"https:\/\/www.cepathle.fr\/wp\/"},{"@type":"ListItem","position":2,"name":"Infos Athl\u00e9","item":"https:\/\/www.cepathle.fr\/wp\/infos-athle\/"},{"@type":"ListItem","position":3,"name":"baremes","item":"https:\/\/www.cepathle.fr\/wp\/infos-athle\/baremes\/"},{"@type":"ListItem","position":4,"name":"bar\u00eame gar\u00e7on minime"}]},{"@type":"WebSite","@id":"https:\/\/www.cepathle.fr\/wp\/#website","url":"https:\/\/www.cepathle.fr\/wp\/","name":"CEP LORIENT Athl\u00e9tisme","description":"Club d&#039;athl\u00e9tisme du pays de LORIENT","potentialAction":[{"@type":"SearchAction","target":{"@type":"EntryPoint","urlTemplate":"https:\/\/www.cepathle.fr\/wp\/?s={search_term_string}"},"query-input":{"@type":"PropertyValueSpecification","valueRequired":true,"valueName":"search_term_string"}}],"inLanguage":"fr-FR"}]}},"_links":{"self":[{"href":"https:\/\/www.cepathle.fr\/wp\/wp-json\/wp\/v2\/pages\/903","targetHints":{"allow":["GET"]}}],"collection":[{"href":"https:\/\/www.cepathle.fr\/wp\/wp-json\/wp\/v2\/pages"}],"about":[{"href":"https:\/\/www.cepathle.fr\/wp\/wp-json\/wp\/v2\/types\/page"}],"author":[{"embeddable":true,"href":"https:\/\/www.cepathle.fr\/wp\/wp-json\/wp\/v2\/users\/2"}],"replies":[{"embeddable":true,"href":"https:\/\/www.cepathle.fr\/wp\/wp-json\/wp\/v2\/comments?post=903"}],"version-history":[{"count":0,"href":"https:\/\/www.cepathle.fr\/wp\/wp-json\/wp\/v2\/pages\/903\/revisions"}],"up":[{"embeddable":true,"href":"https:\/\/www.cepathle.fr\/wp\/wp-json\/wp\/v2\/pages\/1623"}],"wp:attachment":[{"href":"https:\/\/www.cepathle.fr\/wp\/wp-json\/wp\/v2\/media?parent=903"}],"curies":[{"name":"wp","href":"https:\/\/api.w.org\/{rel}","templated":true}]}}